{"id":83,"date":"2022-07-07T16:40:03","date_gmt":"2022-07-07T14:40:03","guid":{"rendered":"https:\/\/vrtecpriosjursinci.splet.arnes.si\/?page_id=83"},"modified":"2022-09-15T19:55:24","modified_gmt":"2022-09-15T17:55:24","slug":"zdravje","status":"publish","type":"page","link":"https:\/\/vrtecpriosjursinci.splet.arnes.si\/?page_id=83","title":{"rendered":"Zdravje"},"content":{"rendered":"\n<p class=\"has-medium-font-size\">Spo\u0161tovani star\u0161i,<\/p>\n\n\n\n<p class=\"has-luminous-vivid-amber-color has-text-color has-medium-font-size\"><strong>vse ve\u010dkrat se pojavlja vpra\u0161anje:&nbsp;\u00bb<em>Kdaj je otrok dovolj zdrav, da gre v vrtec?<\/em>\u00ab&nbsp;<\/strong><\/p>\n\n\n\n<p class=\"has-vivid-red-color has-text-color has-medium-font-size\"><strong>Priporo\u010dilo je, da je&nbsp;<em>otrok sposoben za vklju\u010ditev v vrtec, \u010de je od zadnjega bolezenskega znaka (bruhanje, vro\u010dina, driska,\u2026) minilo najmanj 24 ur.&nbsp;<\/em><\/strong><\/p>\n\n\n\n<p>Star\u0161i so odgovorni za zdravje svojega otroka in v vrtec sodi samo zdrav otrok.&nbsp; Zdravljenje otroka naj poteka doma, v doma\u010dem okolju.&nbsp; Ob prebolevanju katerekoli oku\u017ebe oziroma bolezni potrebuje otrok po\u010ditek in bli\u017eino tistih, ki ga imajo radi \u2013 star\u0161ev.<\/p>\n\n\n\n<p>Kdaj se bo otrok po preboleli bolezni vklju\u010dil v vrtec, oceni pediater, ki otroka zdravi. Dejstvo pa je, da mora biti otrok dovolj zdrav, da je sposoben obremenitev, ki se pojavljajo v&nbsp;vrtcu&nbsp;in ne sme biti \u00bbku\u017een\u00ab za okolico.<\/p>\n\n\n\n<div class=\"wp-block-image\"><figure class=\"alignright size-full is-resized\"><img loading=\"lazy\" decoding=\"async\" src=\"https:\/\/vrtecpriosjursinci.splet.arnes.si\/files\/2022\/09\/images-1L.jpg\" alt=\"\" class=\"wp-image-477\" width=\"356\" height=\"245\" \/><\/figure><\/div>\n\n\n\n<p>Otroci po preboleli bolezni (rekonvalescenti) so bolj dovzetni za ponovno oku\u017ebo, \u010de pa se otrok zdravi v vrtcu, je verjetnost, da bo ponovno obolel \u0161e toliko ve\u010dja. Ob tem ne smemo pozabiti dejstva, da bolan otrok v skupini oku\u017euje vse svoje sovrstnike. Pogosto se dogaja, da obolevajo isti otroci.<\/p>\n\n\n\n<p>Star\u0161i svojega otroka sami najbolje poznate, zato najve\u010dkrat pri svojem otroku prvi opa\u017eate bolezenske znake, ki vas opozarjajo, da se z va\u0161im otrokom nekaj dogaja. Kadar opazite pri otroku spremembo, je pomembno, da ste nanjo pozorni in nanjo ustrezno reagirate.<\/p>\n\n\n\n<div class=\"wp-block-group\"><div class=\"wp-block-group__inner-container is-layout-flow wp-block-group-is-layout-flow\">\n<div class=\"wp-block-group\"><div class=\"wp-block-group__inner-container is-layout-flow wp-block-group-is-layout-flow\">\n<div class=\"wp-block-columns is-layout-flex wp-container-core-columns-is-layout-9d6595d7 wp-block-columns-is-layout-flex\">\n<div class=\"wp-block-column is-layout-flow wp-block-column-is-layout-flow\"><\/div>\n\n\n\n<div class=\"wp-block-column is-layout-flow wp-block-column-is-layout-flow\"><\/div>\n<\/div>\n<\/div><\/div>\n<\/div><\/div>\n\n\n\n<p class=\"has-vivid-red-color has-text-color has-medium-font-size\"><strong>Otroka obdr\u017eite doma&nbsp;v primeru pojava kateregakoli od &nbsp;spodaj navedenih znakov:<\/strong><\/p>\n\n\n\n<ul class=\"wp-block-list\"><li><strong>povi\u0161ana telesna temperatura (vi\u0161ja od 37\u00b0C), te\u017eko dihanje, nezna\u010dilna utrujenost;<\/strong><\/li><li><strong>otrok, ki je v zadnjih 24 urah ve\u010d kot 2x bruhal;<\/strong><\/li><li><strong>otrok, ki ima drisko in je teko\u010de odvajal blato ve\u010d kot 2x ali 3x na dan;<\/strong><\/li><li><strong>otrok, ki ima v ustih razjede in se slini;<\/strong><\/li><li><strong>otrok, ki ima na novo nastale izpu\u0161\u010daje (z ali brez vro\u010dine), nevrodermitis je izjema;<\/strong><\/li><li><strong>otrok, ki ima gnojni izcedek iz o\u010di;<\/strong><\/li><li><strong>otrok, ki ga boli \u017erelo in ima otekle bezgavke;<\/strong><\/li><li><strong>otrok, ki mo\u010dno ka\u0161lja;<\/strong><\/li><li><strong>otrok, ki ima u\u0161i, oz. dokler niso le-te odstranjene (fizi\u010dno ali s \u0161amponom).<\/strong><\/li><\/ul>\n\n\n\n<p>Ob prebolevanju katere koli oku\u017ebe otrok potrebuje po\u010ditek. S po\u010ditkom omogo\u010dimo otroku hitrej\u0161e in bolj\u0161e zdravljenje in zmanj\u0161amo mo\u017enost zapletov bolezni. Prepre\u010dimo tudi \u0161irjenje bolezni na druge otroke, s tem omogo\u010dimo dobro po\u010dutje vseh otrok v skupini in dose\u017eemo zadovoljstvo star\u0161ev in otrok.<\/p>\n\n\n\n<p>Star\u0161i boste veliko pripomogli k bolj\u0161emu zdravju otrok s tem, da boste otroke u\u010dili higienskih navad, posebno pravilnega umivanja rok, zadovoljili otrokovo potrebo po spanju in otroku omogo\u010dili dovolj bivanja na sve\u017eem zraku.<\/p>\n\n\n\n<p class=\"has-text-align-center has-luminous-vivid-amber-color has-text-color\" style=\"font-size:30px\"><strong><em>Naj nam bo ZDRAV OTROK na\u0161a \u017eelja in skrb.<\/em><\/strong><\/p>\n\n\n\n<div style=\"height:24px\" aria-hidden=\"true\" class=\"wp-block-spacer\"><\/div>\n\n\n\n<div class=\"wp-block-image\"><figure class=\"alignright size-full is-resized\"><img loading=\"lazy\" decoding=\"async\" src=\"https:\/\/vrtecpriosjursinci.splet.arnes.si\/files\/2022\/09\/zdravke-143x180-3.jpg\" alt=\"\" class=\"wp-image-467\" width=\"271\" height=\"340\" \/><\/figure><\/div>\n\n\n\n<p style=\"font-size:25px\"><strong><span class=\"has-inline-color has-vivid-purple-color\">NALEZLJIVE BOLEZNI<\/span><\/strong><\/p>\n\n\n\n<p><\/p>\n\n\n\n<p class=\"has-text-align-left has-vivid-red-color has-text-color has-medium-font-size\">Vzgojitelj<strong>&nbsp;<u>lahko odkloni sprejem otroka v vrtec<\/u><\/strong>, \u010de ob njegovem prihodu ugotovi znake obolenja (vro\u010dina, izpu\u0161\u010daji, vnetje o\u010di, bruhanje, driska, huj\u0161i ka\u0161elj, u\u0161ivost ipd.). Saj ima vsakdo&nbsp; pravico do varstva pred nalezljivimi boleznimi ter dol\u017enost varovati svoje zdravje in zdravje drugih pred nalezljivimi boleznimi (Zakon o nalezljivih boleznih).<\/p>\n\n\n\n<p><\/p>\n\n\n\n<p><\/p>\n\n\n\n<p><\/p>\n\n\n\n<p class=\"has-medium-font-size\">Na spodnjih povezavah so opisi enih izmed najpogostej\u0161ih nalezljivih bolezni pri otrocih:<\/p>\n\n\n\n<div class=\"wp-block-file\"><a href=\"https:\/\/vrtecpriosjursinci.splet.arnes.si\/files\/2022\/08\/bolezen-rok-nog-in-ust.pdf\" target=\"_blank\" rel=\"noreferrer noopener\"><span class=\"has-inline-color has-vivid-cyan-blue-color\">bolezen-rok-nog-in-us<\/span>t<\/a><\/div>\n\n\n\n<div class=\"wp-block-file\"><a href=\"https:\/\/vrtecpriosjursinci.splet.arnes.si\/files\/2022\/08\/norice-vodene-koze.pdf\" target=\"_blank\" rel=\"noreferrer noopener\">norice-vodene-koze<\/a><\/div>\n\n\n\n<div class=\"wp-block-file\"><a href=\"https:\/\/vrtecpriosjursinci.splet.arnes.si\/files\/2022\/08\/pojav-glist-podancic-pri-otrocih.pdf\" target=\"_blank\" rel=\"noreferrer noopener\">pojav-glist-podancic-pri-otrocih<\/a><\/div>\n\n\n\n<div class=\"wp-block-file\"><a href=\"https:\/\/vrtecpriosjursinci.splet.arnes.si\/files\/2022\/08\/trebusna-viroza.pdf\" target=\"_blank\" rel=\"noreferrer noopener\">trebusna-viroza<\/a><\/div>\n\n\n\n<div class=\"wp-block-file\"><a href=\"https:\/\/vrtecpriosjursinci.splet.arnes.si\/files\/2022\/08\/naglavne-usi.pdf\" target=\"_blank\" rel=\"noreferrer noopener\">naglavne-usi<\/a><\/div>\n\n\n\n<div style=\"height:17px\" aria-hidden=\"true\" class=\"wp-block-spacer\"><\/div>\n\n\n\n<p class=\"has-normal-font-size\">Ve\u010d o posameznih nalezljivih boleznih, ki se pojavljajo, najdete na spletnem naslovu Naciolanega in\u0161tituta za javno zdravje. <\/p>\n\n\n\n<p><\/p>\n\n\n\n<p class=\"has-medium-font-size\"><a href=\"https:\/\/www.nijz.si\/sl\/podrocja-dela\/nalezljive-bolezni\/nalezljive-bolezni-od-a-do-z-nalezljive-bolezni-po-skupinah\" target=\"_blank\" rel=\"noreferrer noopener\">https:\/\/www.nijz.si\/sl\/podrocja-dela\/nalezljive-bolezni\/nalezljive-bolezni-od-a-do-z-nalezljive-bolezni-po-skupinah<\/a><\/p>\n","protected":false},"excerpt":{"rendered":"<p>Spo\u0161tovani star\u0161i, vse ve\u010dkrat se pojavlja vpra\u0161anje:&nbsp;\u00bbKdaj je otrok dovolj zdrav, da gre v vrtec?\u00ab&nbsp; Priporo\u010dilo je, da je&nbsp;otrok sposoben za vklju\u010ditev v vrtec, \u010de je od zadnjega bolezenskega znaka [&hellip;]<\/p>\n","protected":false},"author":91695,"featured_media":0,"parent":0,"menu_order":0,"comment_status":"closed","ping_status":"closed","template":"","meta":{"ngg_post_thumbnail":0,"footnotes":""},"class_list":["post-83","page","type-page","status-publish","hentry"],"_links":{"self":[{"href":"https:\/\/vrtecpriosjursinci.splet.arnes.si\/index.php?rest_route=\/wp\/v2\/pages\/83","targetHints":{"allow":["GET"]}}],"collection":[{"href":"https:\/\/vrtecpriosjursinci.splet.arnes.si\/index.php?rest_route=\/wp\/v2\/pages"}],"about":[{"href":"https:\/\/vrtecpriosjursinci.splet.arnes.si\/index.php?rest_route=\/wp\/v2\/types\/page"}],"author":[{"embeddable":true,"href":"https:\/\/vrtecpriosjursinci.splet.arnes.si\/index.php?rest_route=\/wp\/v2\/users\/91695"}],"replies":[{"embeddable":true,"href":"https:\/\/vrtecpriosjursinci.splet.arnes.si\/index.php?rest_route=%2Fwp%2Fv2%2Fcomments&post=83"}],"version-history":[{"count":55,"href":"https:\/\/vrtecpriosjursinci.splet.arnes.si\/index.php?rest_route=\/wp\/v2\/pages\/83\/revisions"}],"predecessor-version":[{"id":787,"href":"https:\/\/vrtecpriosjursinci.splet.arnes.si\/index.php?rest_route=\/wp\/v2\/pages\/83\/revisions\/787"}],"wp:attachment":[{"href":"https:\/\/vrtecpriosjursinci.splet.arnes.si\/index.php?rest_route=%2Fwp%2Fv2%2Fmedia&parent=83"}],"curies":[{"name":"wp","href":"https:\/\/api.w.org\/{rel}","templated":true}]}}